{"id":33,"date":"2017-01-05T13:55:02","date_gmt":"2017-01-05T13:55:02","guid":{"rendered":"http:\/\/weinkolleg-holm.de\/?page_id=33"},"modified":"2025-01-13T17:38:53","modified_gmt":"2025-01-13T17:38:53","slug":"mitgliedschaft","status":"publish","type":"page","link":"https:\/\/weinkolleg-holm.de\/?page_id=33","title":{"rendered":"Mitgliedschaft"},"content":{"rendered":"<p>Die Mitgliedschaft kann jede\/r\u00a0 weininteressierte\/r\u00a0 Frau oder Mann erwerben. \u00dcber die Aufnahme entscheidet der Vorstand. Besondere Aufnahmevoraussetzungen oder Vorkenntnisse\u00a0 sind nicht zu erf\u00fcllen. Die\/Der Bewerber\/in muss sich zur Erf\u00fcllung der satzungsgem\u00e4\u00dfen Zwecke verpflichten.<\/p>\n<p>Der Jahresbeitrag betr\u00e4gt z.Zt. 60,-\u20ac pro Mitglied<\/p>\n<p>Bei Eintritt in der 2. Jahresh\u00e4lfte wird im Eintrittsjahr die H\u00e4lfte des\u00a0Jahresbeitrags f\u00e4llig.<\/p>\n<p>Bei den Monatsrunden wird ein zus\u00e4tzlich ein Unkostenbeitrag von z.Zt. 10,- \u20ac\/TeilnehmerIn erhoben.<\/p>\n<p>Wenn Sie Interesse an unserer Arbeit haben und weitere Informationen w\u00fcnschen, sprechen Sie uns gerne an oder nehmen \u00fcber unser Formular Kontakt mit uns auf.<\/p>\n","protected":false},"excerpt":{"rendered":"<p>Die Mitgliedschaft kann jede\/r\u00a0 weininteressierte\/r\u00a0 Frau oder Mann erwerben. \u00dcber die Aufnahme entscheidet der Vorstand. Besondere Aufnahmevoraussetzungen oder Vorkenntnisse\u00a0 sind[&#8230;]<\/p>\n","protected":false},"author":1,"featured_media":0,"parent":0,"menu_order":0,"comment_status":"closed","ping_status":"closed","template":"","meta":{"footnotes":""},"class_list":["post-33","page","type-page","status-publish","hentry"],"_links":{"self":[{"href":"https:\/\/weinkolleg-holm.de\/index.php?rest_route=\/wp\/v2\/pages\/33","targetHints":{"allow":["GET"]}}],"collection":[{"href":"https:\/\/weinkolleg-holm.de\/index.php?rest_route=\/wp\/v2\/pages"}],"about":[{"href":"https:\/\/weinkolleg-holm.de\/index.php?rest_route=\/wp\/v2\/types\/page"}],"author":[{"embeddable":true,"href":"https:\/\/weinkolleg-holm.de\/index.php?rest_route=\/wp\/v2\/users\/1"}],"replies":[{"embeddable":true,"href":"https:\/\/weinkolleg-holm.de\/index.php?rest_route=%2Fwp%2Fv2%2Fcomments&post=33"}],"version-history":[{"count":11,"href":"https:\/\/weinkolleg-holm.de\/index.php?rest_route=\/wp\/v2\/pages\/33\/revisions"}],"predecessor-version":[{"id":280,"href":"https:\/\/weinkolleg-holm.de\/index.php?rest_route=\/wp\/v2\/pages\/33\/revisions\/280"}],"wp:attachment":[{"href":"https:\/\/weinkolleg-holm.de\/index.php?rest_route=%2Fwp%2Fv2%2Fmedia&parent=33"}],"curies":[{"name":"wp","href":"https:\/\/api.w.org\/{rel}","templated":true}]}}