{"id":37,"date":"2017-01-05T13:55:46","date_gmt":"2017-01-05T13:55:46","guid":{"rendered":"http:\/\/weinkolleg-holm.de\/?page_id=37"},"modified":"2018-03-30T17:28:14","modified_gmt":"2018-03-30T17:28:14","slug":"weinbruderschaften","status":"publish","type":"page","link":"https:\/\/weinkolleg-holm.de\/?page_id=37","title":{"rendered":"Weinbruderschaften"},"content":{"rendered":"<p>Das Weinkolleg HOLM e.V. ist anl\u00e4sslich des alle 2 Jahre stattfindenden Treffens im Juni 2000 in Oppenheim in die \u201eGemeinschaft der deutschsprachigen Weinbruderschaften (GdW)\u201c aufgenommen worden.\u00a0 In der GdW sind \u00fcber 50 regionale und st\u00e4dtische Vereinigungen ideeller Art zusammengeschlossen, die sich die Bewahrung und F\u00f6rderung der Weinkultur zur Aufgabe gemacht haben.<\/p>\n<p>Auf der Grundlage der \u201eDeidesheimer Resolution\u201c von 1974 und des \u201eWiener Memorandums\u201c von 1980 definieren sich\u00a0 Weinbruderschaften \u201e&#8230; als Vereinigungen, deren haupts\u00e4chliche T\u00e4tigkeit im kulturellen Bereich liegt und deren Bestrebungen rein idealistischer Art sind, frei von eigenn\u00fctzigen oder kommerziellen Zielen.\u201c<\/p>\n<p>Mit dieser Zielsetzung setzen sich die in der GdW zusammengeschlossenen Weinbruderschaften von Vereinigungen ab, die als Zusammenschl\u00fcsse von Kundengruppen zum Zwecke des Weineinkaufs oder als Gemeinschaften unterhaltender Weinverkostung\u00a0 die Bezeichnung \u201aWeinbruderschaft\u2019 f\u00fchren.<\/p>\n<p>Zusammengeschlossen in der GdW sind Weinbruderschaften aus Deutschland, \u00d6sterreich und der Schweiz. Naturgem\u00e4\u00df sind Weinbruderschaften vorherrschend in den typischen Weinbauregionen anzutreffen. Zwischenzeitlich gibt es jedoch au\u00dferhalb dieser Gebiete im s\u00fcd-, west- und norddeutschen Raum gleichartige Zusammenschl\u00fcsse von weininteressierten Menschen. Die traditionelle Ausrichtung der Weinbruderschaften ist unterschiedlich ausgepr\u00e4gt.<\/p>\n<p>F\u00fcr das Weinkolleg HOLM gilt, dass es Frauen und M\u00e4nnern gleicherma\u00dfen offen steht. Traditionelle Begrifflichkeiten nehmen hier keinen breiten Raum ein; die Vereinsmitglieder sind Weinschwsrern oder Weinbr\u00fcder oder Weinkollegiale; der Vorstand besteht aus 1. und 2. Vorsitzendem\/Vorsitzender und Schatzmeister\/in.<\/p>\n<p>&nbsp;<\/p>\n<h3><strong>Weinbruderschaften im Internet (Links):<\/strong><\/h3>\n<p>Gemeinschaft der deutschsprachigen Weinbruderschaften (GdW):<br \/>\n<a href=\"http:\/\/www.weinbruderschaften.org\">http:\/\/www.weinbruderschaften.org<\/a><\/p>\n","protected":false},"excerpt":{"rendered":"<p>Das Weinkolleg HOLM e.V. ist anl\u00e4sslich des alle 2 Jahre stattfindenden Treffens im Juni 2000 in Oppenheim in die \u201eGemeinschaft[&#8230;]<\/p>\n","protected":false},"author":1,"featured_media":0,"parent":0,"menu_order":0,"comment_status":"closed","ping_status":"closed","template":"","meta":{"footnotes":""},"class_list":["post-37","page","type-page","status-publish","hentry"],"_links":{"self":[{"href":"https:\/\/weinkolleg-holm.de\/index.php?rest_route=\/wp\/v2\/pages\/37","targetHints":{"allow":["GET"]}}],"collection":[{"href":"https:\/\/weinkolleg-holm.de\/index.php?rest_route=\/wp\/v2\/pages"}],"about":[{"href":"https:\/\/weinkolleg-holm.de\/index.php?rest_route=\/wp\/v2\/types\/page"}],"author":[{"embeddable":true,"href":"https:\/\/weinkolleg-holm.de\/index.php?rest_route=\/wp\/v2\/users\/1"}],"replies":[{"embeddable":true,"href":"https:\/\/weinkolleg-holm.de\/index.php?rest_route=%2Fwp%2Fv2%2Fcomments&post=37"}],"version-history":[{"count":4,"href":"https:\/\/weinkolleg-holm.de\/index.php?rest_route=\/wp\/v2\/pages\/37\/revisions"}],"predecessor-version":[{"id":111,"href":"https:\/\/weinkolleg-holm.de\/index.php?rest_route=\/wp\/v2\/pages\/37\/revisions\/111"}],"wp:attachment":[{"href":"https:\/\/weinkolleg-holm.de\/index.php?rest_route=%2Fwp%2Fv2%2Fmedia&parent=37"}],"curies":[{"name":"wp","href":"https:\/\/api.w.org\/{rel}","templated":true}]}}